{"id":2059,"date":"2025-08-06T16:46:40","date_gmt":"2025-08-06T16:46:40","guid":{"rendered":"https:\/\/horticultoresvalleverde.com\/?page_id=2059"},"modified":"2025-08-07T18:37:11","modified_gmt":"2025-08-07T18:37:11","slug":"terminos-y-condiciones","status":"publish","type":"page","link":"https:\/\/horticultoresvalleverde.com\/en\/terminos-y-condiciones\/","title":{"rendered":"T\u00e9rminos y condiciones"},"content":{"rendered":"<div data-elementor-type=\"wp-page\" data-elementor-id=\"2059\" class=\"elementor elementor-2059\" data-elementor-post-type=\"page\">\n\t\t\t\t<div class=\"elementor-element elementor-element-a96fc4b e-flex e-con-boxed e-con e-parent\" data-id=\"a96fc4b\" data-element_type=\"container\" data-e-type=\"container\">\n\t\t\t\t\t<div class=\"e-con-inner\">\n\t\t\t\t<div class=\"elementor-element elementor-element-32f5de5 elementor-widget elementor-widget-heading\" data-id=\"32f5de5\" data-element_type=\"widget\" data-e-type=\"widget\" data-widget_type=\"heading.default\">\n\t\t\t\t\t<h2 class=\"elementor-heading-title elementor-size-default\">T\u00c9RMINOS Y CONDICIONES<\/h2>\t\t\t\t<\/div>\n\t\t\t\t<div class=\"elementor-element elementor-element-229abd8 elementor-widget elementor-widget-text-editor\" data-id=\"229abd8\" data-element_type=\"widget\" data-e-type=\"widget\" data-widget_type=\"text-editor.default\">\n\t\t\t\t\t\t\t\t\t<p>Este contrato describe los t\u00e9rminos y condiciones generales (en adelante \u00fanicamente \u201cT\u00c9RMINOS Y CONDICIONES\u201d) aplicables al uso de los contenidos, productos y servicios ofrecidos a trav\u00e9s del sitio SITIO.COM (en adelante, \u201c<a href=\"https:\/\/horticultoresvalleverde.com\/en\/\"><strong>HORTICULTORESVALLEVERDE.COM<\/strong><\/a>\u201d), del cual es titular <strong>HORTICULTORES VALLEVERDE<\/strong> (en adelante, \u201cTITULAR\u201d). Cualquier persona que desee acceder o hacer uso del sitio o los servicios que en \u00e9l se ofrecen, podr\u00e1 hacerlo sujet\u00e1ndose a los presentes T\u00c9RMINOS Y CONDICIONES, as\u00ed como a pol\u00edticas y principios incorporados al presente documento. En todo caso, cualquier persona que no acepte los presentes t\u00e9rminos y condiciones, deber\u00e1 abstenerse de utilizar el <a href=\"https:\/\/horticultoresvalleverde.com\/en\/\"><strong>HORTICULTORESVALLEVERDE.COM<\/strong><\/a> y\/o adquirir los productos y servicios que en su caso sean ofrecidos.<\/p><h5><strong>I. Del Objeto.<\/strong><\/h5><p>El objeto de los presentes T\u00c9RMINOS Y CONDICIONES es regular el acceso y la utilizaci\u00f3n del <a href=\"https:\/\/horticultoresvalleverde.com\/en\/\"><strong>HORTICULTORESVALLEVERDE.COM<\/strong><\/a>, entendiendo por este cualquier tipo de contenido, producto o servicio que se encuentre a disposici\u00f3n del p\u00fablico en general dentro del dominio: SITIO.COM<\/p><p>El TITULAR se reserva la facultad de modificar en cualquier momento y sin previo aviso, la presentaci\u00f3n, los contenidos, la funcionalidad, los productos, los servicios, y la configuraci\u00f3n que pudiera estar contenida en el <a href=\"https:\/\/horticultoresvalleverde.com\/en\/\"><strong>HORTICULTORESVALLEVERDE.COM<\/strong><\/a>; en este sentido, el USUARIO reconoce y acepta que <strong>HORTICULTORES VALLEVERDE<\/strong>\u00a0en cualquier momento podr\u00e1 interrumpir, desactivar o cancelar cualquiera de los elementos que conforman el <a href=\"https:\/\/horticultoresvalleverde.com\/en\/\"><strong>HORTICULTORESVALLEVERDE.COM<\/strong><\/a> o el acceso a los mismos.<\/p><p>El acceso al <a href=\"https:\/\/horticultoresvalleverde.com\/en\/\"><strong>HORTICULTORESVALLEVERDE.COM<\/strong><\/a> por parte del USUARIO tiene car\u00e1cter libre y, por regla general es gratuito sin que el USUARIO tenga que proporcionar una contraprestaci\u00f3n para poder disfrutar de ello, salvo en lo referente al costo de la conexi\u00f3n a internet suministrada por el proveedor de este tipo de servicios que hubiere contratado el mismo USUARIO.<\/p><p>El acceso a los contenidos y servicios facilitados a trav\u00e9s del <a href=\"https:\/\/horticultoresvalleverde.com\/en\/\"><strong>HORTICULTORESVALLEVERDE.COM<\/strong><\/a> no requerir\u00e1 de suscripci\u00f3n o registro alguno.<\/p><p>El <a href=\"https:\/\/horticultoresvalleverde.com\/en\/\"><strong>HORTICULTORESVALLEVERDE.COM<\/strong> <\/a>se encuentra dirigido exclusivamente a personas que cuenten con la mayor\u00eda de edad (mayores de 18 a\u00f1os); en este sentido, <strong>HORTICULTORES VALLEVERDE<\/strong>\u00a0declina cualquier responsabilidad por el incumplimiento de este requisito.<\/p><p>El <a href=\"https:\/\/horticultoresvalleverde.com\/en\/\"><strong>HORTICULTORESVALLEVERDE.COM<\/strong><\/a> est\u00e1 dirigido principalmente a USUARIOS residentes en la Rep\u00fablica Mexicana, por lo cual, <strong>HORTICULTORES VALLEVERDE<\/strong>\u00a0no asegura que el <a href=\"https:\/\/horticultoresvalleverde.com\/en\/\"><strong>HORTICULTORESVALLEVERDE.COM<\/strong><\/a> cumpla total o parcialmente con la legislaci\u00f3n de otros pa\u00edses, de forma que, si el USUARIO reside o tiene su domicilio establecido en otro pa\u00eds y decide acceder o utilizar el <a href=\"https:\/\/horticultoresvalleverde.com\/en\/\"><strong>HORTICULTORESVALLEVERDE.COM<\/strong><\/a> lo har\u00e1 bajo su propia responsabilidad y deber\u00e1 asegurarse de que tal acceso y navegaci\u00f3n cumple con la legislaci\u00f3n local que le es aplicable, no asumiendo <strong>HORTICULTORES VALLEVERDE<\/strong>\u00a0ninguna responsabilidad que se pueda derivar de dicho acto.<\/p><p>Se hace del conocimiento del USUARIO que el TITULAR podr\u00e1 administrar o gestionar el <a href=\"https:\/\/horticultoresvalleverde.com\/en\/\"><strong>HORTICULTORESVALLEVERDE.COM<\/strong><\/a> de manera directa o a trav\u00e9s de un tercero, lo cual no modifica en ning\u00fan sentido lo establecido en los presentes T\u00c9RMINOS Y CONDICIONES.<\/p><h5><strong>2. Del Usuario.<\/strong><\/h5><p>El acceso o utilizaci\u00f3n del <a href=\"https:\/\/horticultoresvalleverde.com\/en\/\"><strong>HORTICULTORESVALLEVERDE.COM<\/strong>,<\/a> as\u00ed como de los recursos habilitados para interactuar entre los USUARIOS, o entre el USUARIO y el TITULAR tales como medios para realizar publicaciones o comentarios, confiere la condici\u00f3n de USUARIO del <a href=\"https:\/\/horticultoresvalleverde.com\/en\/\"><strong>HORTICULTORESVALLEVERDE.COM<\/strong><\/a>, por lo que quedar\u00e1 sujeto a los presentes T\u00c9RMINOS Y CONDICIONES, as\u00ed como a sus ulteriores modificaciones, sin perjuicio de la aplicaci\u00f3n de la legislaci\u00f3n aplicable, por tanto, se tendr\u00e1n por aceptados desde el momento en el que se accede al <a href=\"https:\/\/horticultoresvalleverde.com\/en\/\"><strong>HORTICULTORESVALLEVERDE.COM<\/strong><\/a>. Dada la relevancia de lo anterior, se recomienda al USUARIO revisar las actualizaciones que se realicen a los presentes T\u00c9RMINOS Y CONDICIONES.<\/p><p>Es responsabilidad del USUARIO utilizar el <a href=\"https:\/\/horticultoresvalleverde.com\/en\/\"><strong>HORTICULTORESVALLEVERDE.COM<\/strong><\/a> de acuerdo con la forma en la que fue dise\u00f1ado; en este sentido, queda prohibida la utilizaci\u00f3n de cualquier tipo de software que automatice la interacci\u00f3n o descarga de los contenidos o servicios proporcionados a trav\u00e9s del <a href=\"https:\/\/horticultoresvalleverde.com\/en\/\"><strong>HORTICULTORESVALLEVERDE.COM<\/strong><\/a>. Adem\u00e1s, el USUARIO se compromete a utilizar la informaci\u00f3n, contenidos o servicios ofrecidos a trav\u00e9s del <a href=\"https:\/\/horticultoresvalleverde.com\/en\/\"><strong>HORTICULTORESVALLEVERDE.COM<\/strong><\/a> de manera l\u00edcita, sin contravenir lo dispuesto en los presentes T\u00c9RMINOS Y CONDICIONES, la moral o el orden p\u00fablico, y se abstendr\u00e1 de realizar cualquier acto que pueda suponer una afectaci\u00f3n a los derechos de terceros, o perjudique de alg\u00fan modo el funcionamiento del <a href=\"https:\/\/horticultoresvalleverde.com\/en\/\"><strong>HORTICULTORESVALLEVERDE.COM<\/strong>.<\/a><\/p><p><strong>HORTICULTORES VALLEVERDE<\/strong>\u00a0se reserva el derecho de retirar todos aquellos comentarios y aportaciones que vulneren la ley, el respeto a la dignidad de la persona, que sean discriminatorios, atenten contra los derechos de tercero o el orden p\u00fablico, o bien, que a su juicio no resulten adecuados para su publicaci\u00f3n.<\/p><p>En cualquier caso, <strong>HORTICULTORES VALLEVERDE<\/strong> no ser\u00e1 responsable de las opiniones vertidas por los USUARIOS a trav\u00e9s de comentarios o publicaciones que estos realicen.<\/p><p>El s\u00f3lo acceso al <a href=\"https:\/\/horticultoresvalleverde.com\/en\/\"><strong>HORTICULTORESVALLEVERDE.COM<\/strong><\/a> no supone el establecimiento de ning\u00fan tipo de relaci\u00f3n entre el TITULAR y el USUARIO.<\/p><p>Al tratarse de un <a href=\"https:\/\/horticultoresvalleverde.com\/en\/\"><strong>HORTICULTORESVALLEVERDE.COM<\/strong><\/a> dirigido exclusivamente a personas que cuenten con la mayor\u00eda de edad, el USUARIO manifiesta ser mayor de edad y disponer de la capacidad jur\u00eddica necesaria para sujetarse a los presentes T\u00c9RMINOS Y CONDICIONES.<\/p><h5><strong>3. Del Acceso Y Navegaci\u00f3n En El <a href=\"https:\/\/horticultoresvalleverde.com\/en\/\">HORTICULTORESVALLEVERDE.COM.<\/a><\/strong><\/h5><p>El TITULAR no garantiza de ning\u00fan modo la continuidad y disponibilidad de los contenidos, productos o servicios ofrecidos a trav\u00e9s del <a href=\"https:\/\/horticultoresvalleverde.com\/en\/\"><strong>HORTICULTORESVALLEVERDE.COM<\/strong><\/a>, no obstante, el TITULAR llevar\u00e1 a cabo las acciones que de acuerdo con sus posibilidades le permitan mantener el buen funcionamiento del SITO WEB, sin que esto suponga alguna responsabilidad de parte de <strong>HORTICULTORES VALLEVERDE<\/strong>.<\/p><p>De igual forma\u00a0<strong>HORTICULTORES VALLEVERDE<\/strong>\u00a0no ser\u00e1 responsable ni garantiza que el contenido o software al que pueda accederse a trav\u00e9s del <a href=\"https:\/\/horticultoresvalleverde.com\/en\/\"><strong>HORTICULTORESVALLEVERDE.COM<\/strong><\/a>, se encuentre libre de errores, software malicioso, o que pueda causar alg\u00fan da\u00f1o a nivel de software o hardware en el equipo a trav\u00e9s del cual el USUARIO accede al <a href=\"https:\/\/horticultoresvalleverde.com\/en\/\"><strong>HORTICULTORESVALLEVERDE.COM<\/strong>.<\/a><\/p><p>El TITULAR tampoco se hace responsable de los da\u00f1os que pudiesen ocasionarse por un uso inadecuado del <a href=\"https:\/\/horticultoresvalleverde.com\/en\/\"><strong>HORTICULTORESVALLEVERDE.COM<\/strong><\/a>.<\/p><p>En ning\u00fan caso <strong>HORTICULTORES VALLEVERDE<\/strong> ser\u00e1 responsable por las p\u00e9rdidas, da\u00f1os o perjuicios de cualquier tipo que surjan por el s\u00f3lo acceso o utilizaci\u00f3n del <strong><a href=\"https:\/\/horticultoresvalleverde.com\/en\/\">HORTICULTORESVALLEVERDE.CO<\/a>M<\/strong>.<\/p>\t\t\t\t\t\t\t\t<\/div>\n\t\t\t\t\t<\/div>\n\t\t\t\t<\/div>\n\t\t\t\t<\/div>","protected":false},"excerpt":{"rendered":"<p>T\u00c9RMINOS Y CONDICIONES Este contrato describe los t\u00e9rminos y condiciones generales (en adelante \u00fanicamente \u201cT\u00c9RMINOS Y CONDICIONES\u201d) aplicables al uso de los contenidos, productos y servicios ofrecidos a trav\u00e9s del sitio SITIO.COM (en adelante, \u201cHORTICULTORESVALLEVERDE.COM\u201d), del cual es titular HORTICULTORES VALLEVERDE (en adelante, \u201cTITULAR\u201d). Cualquier persona que desee acceder o hacer uso del sitio o [&hellip;]<\/p>\n","protected":false},"author":1,"featured_media":0,"parent":0,"menu_order":0,"comment_status":"closed","ping_status":"closed","template":"","meta":{"_acf_changed":false,"footnotes":""},"class_list":["post-2059","page","type-page","status-publish","hentry"],"acf":[],"yoast_head":"<!-- This site is optimized with the Yoast SEO Premium plugin v26.9 (Yoast SEO v27.4) - https:\/\/yoast.com\/product\/yoast-seo-premium-wordpress\/ -->\n<title>T\u00e9rminos y condiciones - Horticultores Valleverde<\/title>\n<meta name=\"robots\" content=\"index, follow, max-snippet:-1, max-image-preview:large, max-video-preview:-1\" \/>\n<link rel=\"canonical\" href=\"https:\/\/horticultoresvalleverde.com\/en\/terminos-y-condiciones\/\" \/>\n<meta property=\"og:locale\" content=\"en_US\" \/>\n<meta property=\"og:type\" content=\"article\" \/>\n<meta property=\"og:title\" content=\"T\u00e9rminos y condiciones\" \/>\n<meta property=\"og:description\" content=\"T\u00c9RMINOS Y CONDICIONES Este contrato describe los t\u00e9rminos y condiciones generales (en adelante \u00fanicamente \u201cT\u00c9RMINOS Y CONDICIONES\u201d) aplicables al uso de los contenidos, productos y servicios ofrecidos a trav\u00e9s del sitio SITIO.COM (en adelante, \u201cHORTICULTORESVALLEVERDE.COM\u201d), del cual es titular HORTICULTORES VALLEVERDE (en adelante, \u201cTITULAR\u201d). Cualquier persona que desee acceder o hacer uso del sitio o [&hellip;]\" \/>\n<meta property=\"og:url\" content=\"https:\/\/horticultoresvalleverde.com\/en\/terminos-y-condiciones\/\" \/>\n<meta property=\"og:site_name\" content=\"Horticultores Valleverde\" \/>\n<meta property=\"article:modified_time\" content=\"2025-08-07T18:37:11+00:00\" \/>\n<meta property=\"og:image\" content=\"https:\/\/horticultoresvalleverde.com\/wp-content\/uploads\/2025\/07\/cropped-Logo-Contorno-Bco-e1755875270965.png\" \/>\n\t<meta property=\"og:image:width\" content=\"512\" \/>\n\t<meta property=\"og:image:height\" content=\"512\" \/>\n\t<meta property=\"og:image:type\" content=\"image\/png\" \/>\n<meta name=\"twitter:card\" content=\"summary_large_image\" \/>\n<meta name=\"twitter:label1\" content=\"Est. reading time\" \/>\n\t<meta name=\"twitter:data1\" content=\"5 minutes\" \/>\n<script type=\"application\/ld+json\" class=\"yoast-schema-graph\">{\"@context\":\"https:\\\/\\\/schema.org\",\"@graph\":[{\"@type\":\"WebPage\",\"@id\":\"https:\\\/\\\/horticultoresvalleverde.com\\\/terminos-y-condiciones\\\/\",\"url\":\"https:\\\/\\\/horticultoresvalleverde.com\\\/terminos-y-condiciones\\\/\",\"name\":\"T\u00e9rminos y condiciones - Horticultores Valleverde\",\"isPartOf\":{\"@id\":\"https:\\\/\\\/horticultoresvalleverde.com\\\/#website\"},\"datePublished\":\"2025-08-06T16:46:40+00:00\",\"dateModified\":\"2025-08-07T18:37:11+00:00\",\"breadcrumb\":{\"@id\":\"https:\\\/\\\/horticultoresvalleverde.com\\\/terminos-y-condiciones\\\/#breadcrumb\"},\"inLanguage\":\"en-US\",\"potentialAction\":[{\"@type\":\"ReadAction\",\"target\":[\"https:\\\/\\\/horticultoresvalleverde.com\\\/terminos-y-condiciones\\\/\"]}]},{\"@type\":\"BreadcrumbList\",\"@id\":\"https:\\\/\\\/horticultoresvalleverde.com\\\/terminos-y-condiciones\\\/#breadcrumb\",\"itemListElement\":[{\"@type\":\"ListItem\",\"position\":1,\"name\":\"Portada\",\"item\":\"https:\\\/\\\/horticultoresvalleverde.com\\\/\"},{\"@type\":\"ListItem\",\"position\":2,\"name\":\"T\u00e9rminos y condiciones\"}]},{\"@type\":\"WebSite\",\"@id\":\"https:\\\/\\\/horticultoresvalleverde.com\\\/#website\",\"url\":\"https:\\\/\\\/horticultoresvalleverde.com\\\/\",\"name\":\"Horticultores Valleverde\",\"description\":\"Descubre la pitahaya de Horticultores Valleverde, fruta ex\u00f3tica cultivada en Ac\u00e1mbaro, Guanajuato, con los m\u00e1s altos est\u00e1ndares de calidad, sabor y frescura. Ideal para consumo directo y preparaci\u00f3n de recetas saludables.\",\"publisher\":{\"@id\":\"https:\\\/\\\/horticultoresvalleverde.com\\\/#organization\"},\"potentialAction\":[{\"@type\":\"SearchAction\",\"target\":{\"@type\":\"EntryPoint\",\"urlTemplate\":\"https:\\\/\\\/horticultoresvalleverde.com\\\/?s={search_term_string}\"},\"query-input\":{\"@type\":\"PropertyValueSpecification\",\"valueRequired\":true,\"valueName\":\"search_term_string\"}}],\"inLanguage\":\"en-US\"},{\"@type\":\"Organization\",\"@id\":\"https:\\\/\\\/horticultoresvalleverde.com\\\/#organization\",\"name\":\"Horticultores Valleverde\",\"url\":\"https:\\\/\\\/horticultoresvalleverde.com\\\/\",\"logo\":{\"@type\":\"ImageObject\",\"inLanguage\":\"en-US\",\"@id\":\"https:\\\/\\\/horticultoresvalleverde.com\\\/#\\\/schema\\\/logo\\\/image\\\/\",\"url\":\"https:\\\/\\\/horticultoresvalleverde.com\\\/wp-content\\\/uploads\\\/2025\\\/07\\\/cropped-Logo-Contorno-Bco-e1755875270965.png\",\"contentUrl\":\"https:\\\/\\\/horticultoresvalleverde.com\\\/wp-content\\\/uploads\\\/2025\\\/07\\\/cropped-Logo-Contorno-Bco-e1755875270965.png\",\"width\":512,\"height\":512,\"caption\":\"Horticultores Valleverde\"},\"image\":{\"@id\":\"https:\\\/\\\/horticultoresvalleverde.com\\\/#\\\/schema\\\/logo\\\/image\\\/\"}}]}<\/script>\n<!-- \/ Yoast SEO Premium plugin. -->","yoast_head_json":{"title":"T\u00e9rminos y condiciones - Horticultores Valleverde","robots":{"index":"index","follow":"follow","max-snippet":"max-snippet:-1","max-image-preview":"max-image-preview:large","max-video-preview":"max-video-preview:-1"},"canonical":"https:\/\/horticultoresvalleverde.com\/en\/terminos-y-condiciones\/","og_locale":"en_US","og_type":"article","og_title":"T\u00e9rminos y condiciones","og_description":"T\u00c9RMINOS Y CONDICIONES Este contrato describe los t\u00e9rminos y condiciones generales (en adelante \u00fanicamente \u201cT\u00c9RMINOS Y CONDICIONES\u201d) aplicables al uso de los contenidos, productos y servicios ofrecidos a trav\u00e9s del sitio SITIO.COM (en adelante, \u201cHORTICULTORESVALLEVERDE.COM\u201d), del cual es titular HORTICULTORES VALLEVERDE (en adelante, \u201cTITULAR\u201d). Cualquier persona que desee acceder o hacer uso del sitio o [&hellip;]","og_url":"https:\/\/horticultoresvalleverde.com\/en\/terminos-y-condiciones\/","og_site_name":"Horticultores Valleverde","article_modified_time":"2025-08-07T18:37:11+00:00","og_image":[{"width":512,"height":512,"url":"https:\/\/horticultoresvalleverde.com\/wp-content\/uploads\/2025\/07\/cropped-Logo-Contorno-Bco-e1755875270965.png","type":"image\/png"}],"twitter_card":"summary_large_image","twitter_misc":{"Est. reading time":"5 minutes"},"schema":{"@context":"https:\/\/schema.org","@graph":[{"@type":"WebPage","@id":"https:\/\/horticultoresvalleverde.com\/terminos-y-condiciones\/","url":"https:\/\/horticultoresvalleverde.com\/terminos-y-condiciones\/","name":"T\u00e9rminos y condiciones - Horticultores Valleverde","isPartOf":{"@id":"https:\/\/horticultoresvalleverde.com\/#website"},"datePublished":"2025-08-06T16:46:40+00:00","dateModified":"2025-08-07T18:37:11+00:00","breadcrumb":{"@id":"https:\/\/horticultoresvalleverde.com\/terminos-y-condiciones\/#breadcrumb"},"inLanguage":"en-US","potentialAction":[{"@type":"ReadAction","target":["https:\/\/horticultoresvalleverde.com\/terminos-y-condiciones\/"]}]},{"@type":"BreadcrumbList","@id":"https:\/\/horticultoresvalleverde.com\/terminos-y-condiciones\/#breadcrumb","itemListElement":[{"@type":"ListItem","position":1,"name":"Portada","item":"https:\/\/horticultoresvalleverde.com\/"},{"@type":"ListItem","position":2,"name":"T\u00e9rminos y condiciones"}]},{"@type":"WebSite","@id":"https:\/\/horticultoresvalleverde.com\/#website","url":"https:\/\/horticultoresvalleverde.com\/","name":"Horticultores Valleverde","description":"Descubre la pitahaya de Horticultores Valleverde, fruta ex\u00f3tica cultivada en Ac\u00e1mbaro, Guanajuato, con los m\u00e1s altos est\u00e1ndares de calidad, sabor y frescura. Ideal para consumo directo y preparaci\u00f3n de recetas saludables.","publisher":{"@id":"https:\/\/horticultoresvalleverde.com\/#organization"},"potentialAction":[{"@type":"SearchAction","target":{"@type":"EntryPoint","urlTemplate":"https:\/\/horticultoresvalleverde.com\/?s={search_term_string}"},"query-input":{"@type":"PropertyValueSpecification","valueRequired":true,"valueName":"search_term_string"}}],"inLanguage":"en-US"},{"@type":"Organization","@id":"https:\/\/horticultoresvalleverde.com\/#organization","name":"Horticultores Valleverde","url":"https:\/\/horticultoresvalleverde.com\/","logo":{"@type":"ImageObject","inLanguage":"en-US","@id":"https:\/\/horticultoresvalleverde.com\/#\/schema\/logo\/image\/","url":"https:\/\/horticultoresvalleverde.com\/wp-content\/uploads\/2025\/07\/cropped-Logo-Contorno-Bco-e1755875270965.png","contentUrl":"https:\/\/horticultoresvalleverde.com\/wp-content\/uploads\/2025\/07\/cropped-Logo-Contorno-Bco-e1755875270965.png","width":512,"height":512,"caption":"Horticultores Valleverde"},"image":{"@id":"https:\/\/horticultoresvalleverde.com\/#\/schema\/logo\/image\/"}}]}},"_links":{"self":[{"href":"https:\/\/horticultoresvalleverde.com\/en\/wp-json\/wp\/v2\/pages\/2059","targetHints":{"allow":["GET"]}}],"collection":[{"href":"https:\/\/horticultoresvalleverde.com\/en\/wp-json\/wp\/v2\/pages"}],"about":[{"href":"https:\/\/horticultoresvalleverde.com\/en\/wp-json\/wp\/v2\/types\/page"}],"author":[{"embeddable":true,"href":"https:\/\/horticultoresvalleverde.com\/en\/wp-json\/wp\/v2\/users\/1"}],"replies":[{"embeddable":true,"href":"https:\/\/horticultoresvalleverde.com\/en\/wp-json\/wp\/v2\/comments?post=2059"}],"version-history":[{"count":0,"href":"https:\/\/horticultoresvalleverde.com\/en\/wp-json\/wp\/v2\/pages\/2059\/revisions"}],"wp:attachment":[{"href":"https:\/\/horticultoresvalleverde.com\/en\/wp-json\/wp\/v2\/media?parent=2059"}],"curies":[{"name":"wp","href":"https:\/\/api.w.org\/{rel}","templated":true}]}}